{"id":149,"date":"2019-01-15T14:07:54","date_gmt":"2019-01-15T13:07:54","guid":{"rendered":"https:\/\/casapisanicanal.it\/it\/?page_id=149"},"modified":"2023-03-22T09:58:04","modified_gmt":"2023-03-22T08:58:04","slug":"locanda-canal-venezia","status":"publish","type":"page","link":"https:\/\/www.casapisanicanal.it\/it\/locanda-canal-venezia\/","title":{"rendered":"&#8230;affacciato sulle acque del canale"},"content":{"rendered":"<p><strong>Casa Pisani Canal<\/strong> \u00e8 un piccolo hotel situato nel cuore di Venice, collocato in una parte di un antico palazzo dove&nbsp; il Doge Alvise Pisani era solito svolgere delle feste.<\/p>\n<p>Strategicamente posizionato a pochi minuti a piedi da Piazza San Marco, dal Ponte di Rialto e Fondamente Nuove, offre un&#8217;unica opportunit\u00e0 di immergersi nello stile di vita Veneziano&nbsp; alla scoperta delle meraviglie della citt\u00e0 anche meno conosciute.<\/p>\n\n\n<figure class=\"wp-block-gallery has-nested-images columns-default is-cropped wp-block-gallery-1 is-layout-flex wp-block-gallery-is-layout-flex\">\n<figure class=\"wp-block-image\"><img loading=\"lazy\" decoding=\"async\" width=\"338\" height=\"600\" data-id=\"573\" src=\"https:\/\/casapisanicanal.it\/it\/wp-content\/uploads\/2019\/04\/171987012-1.jpg\" alt=\"\" class=\"wp-image-573\" srcset=\"https:\/\/www.casapisanicanal.it\/it\/wp-content\/uploads\/2019\/04\/171987012-1.jpg 338w, https:\/\/www.casapisanicanal.it\/it\/wp-content\/uploads\/2019\/04\/171987012-1-169x300.jpg 169w\" sizes=\"auto, (max-width: 338px) 100vw, 338px\" \/><figcaption class=\"wp-element-caption\"><a href=\"https:\/\/casapisanicanal.it\/it\/rooms\/\">&#8230;scopri le nostre stanze<\/a><\/figcaption><\/figure>\n\n\n\n<figure class=\"wp-block-image\"><img loading=\"lazy\" decoding=\"async\" width=\"576\" height=\"1024\" data-id=\"577\" src=\"https:\/\/casapisanicanal.it\/it\/wp-content\/uploads\/2019\/04\/20190302_1437091-576x1024.jpg\" alt=\"\" class=\"wp-image-577\" srcset=\"https:\/\/www.casapisanicanal.it\/it\/wp-content\/uploads\/2019\/04\/20190302_1437091-576x1024.jpg 576w, https:\/\/www.casapisanicanal.it\/it\/wp-content\/uploads\/2019\/04\/20190302_1437091-169x300.jpg 169w, https:\/\/www.casapisanicanal.it\/it\/wp-content\/uploads\/2019\/04\/20190302_1437091-768x1365.jpg 768w, https:\/\/www.casapisanicanal.it\/it\/wp-content\/uploads\/2019\/04\/20190302_1437091.jpg 918w\" sizes=\"auto, (max-width: 576px) 100vw, 576px\" \/><figcaption class=\"wp-element-caption\"><a href=\"https:\/\/casapisanicanal.it\/it\/wp-admin\/post.php?post=146&amp;action=edit\">&#8230;eventi a Venezia<\/a><\/figcaption><\/figure>\n\n\n\n<figure class=\"wp-block-image\"><img loading=\"lazy\" decoding=\"async\" width=\"497\" height=\"1024\" data-id=\"578\" src=\"https:\/\/casapisanicanal.it\/it\/wp-content\/uploads\/2019\/04\/mappasitodef-2-497x1024.jpg\" alt=\"\" class=\"wp-image-578\" srcset=\"https:\/\/www.casapisanicanal.it\/it\/wp-content\/uploads\/2019\/04\/mappasitodef-2-497x1024.jpg 497w, https:\/\/www.casapisanicanal.it\/it\/wp-content\/uploads\/2019\/04\/mappasitodef-2-145x300.jpg 145w, https:\/\/www.casapisanicanal.it\/it\/wp-content\/uploads\/2019\/04\/mappasitodef-2.jpg 753w\" sizes=\"auto, (max-width: 497px) 100vw, 497px\" \/><figcaption class=\"wp-element-caption\"><a href=\"https:\/\/casapisanicanal.it\/it\/howto-reach\/\">&#8230;come arrivare<\/a><\/figcaption><\/figure>\n<\/figure>\n\n\n\n<p><\/p>\n\n\n\n<p><\/p>\n\n\n\n<h4 class=\"wp-block-heading\">ESPLORARE VENEZIA<\/h4>\n\n\n\n<p><strong>Piazza San Marco<\/strong> \u00e8 il salotto di <strong>Venezia<\/strong>, a pochi passi dal nostro hotel. La piazza \u00e8 circondata da alcuni degli edifici pi\u00f9 significativi di <strong>Venezia<\/strong> come il <strong>Palazzo Ducale<\/strong>, la <strong>Basilica di San Marco<\/strong> e il Campanile. E per un\u2019esperienza veramente unica \u00e8 possibile entrare in uno degli antichi caff\u00e9 come il famoso <strong>Caff\u00e9 Florian<\/strong>.<\/p>\n\n\n\n<p>Il <strong>Ponte di Rialto<\/strong> \u00e8 il pi\u00f9 antico dei quattro ponti che attraversano il <strong>Canal Grande<\/strong> a <strong>Venezia<\/strong>, e collega il \u201csestiere\u201d (quartiere) di San Marco a San Polo. E\u2019 ora una delle pi\u00f9 note attrazioni turistiche della citt\u00e0 di <strong>Venezia<\/strong>.<br>La zona di Rialto \u00e8 molto conosciuta per il suo famoso mercato del pesce, frequentato soprattutto da veneziani<\/p>\n\n\n\n<p>La <strong>Basilica di San Giovanni e Paolo<\/strong>,  \u00e8 una chiesa situata nel sestiere di Castello. Una della pi\u00f9 grandi chiese della citt\u00e0 di Venezia,  viene considerata il pantheon di Venezia a causa del gran numero di dogi Veneziani ed altri importanti personaggi che vi sono stati sepolti a partire dal 200.<\/p>\n\n\n\n<p>\nControlla le nostre offerte e gli eventi nella sezione sottostante e trova il tuo periodo ideale per scoprire <strong>Venezia<\/strong>!\n\n<\/p>\n\n\n<ul class=\"wp-block-latest-posts__list wp-block-latest-posts\"><li><a class=\"wp-block-latest-posts__post-title\" href=\"https:\/\/www.casapisanicanal.it\/it\/news\/carnevale-a-venezia-2026\/\">CARNEVALE A VENEZIA 2026<\/a><\/li>\n<li><a class=\"wp-block-latest-posts__post-title\" href=\"https:\/\/www.casapisanicanal.it\/it\/news\/weekend-romantico-a-venezia\/\">WEEKEND ROMANTICO A VENEZIA<\/a><\/li>\n<li><a class=\"wp-block-latest-posts__post-title\" href=\"https:\/\/www.casapisanicanal.it\/it\/news\/lhotel-ideale-vicino-alla-biennale\/\">BIENNALE ARTE 2026 \u2013 9 Maggio  >> 22 Novembre<\/a><\/li>\n<\/ul>\n\n\n<p><\/p>\n","protected":false},"excerpt":{"rendered":"<p>Casa Pisani Canal \u00e8 un piccolo hotel situato nel cuore di Venice, collocato in una parte di un antico palazzo &hellip; <span class=\"more-button\"><a href=\"https:\/\/www.casapisanicanal.it\/it\/locanda-canal-venezia\/\" class=\"more-link\">Continue Reading<span class=\"screen-reader-text\">&#8230;affacciato sulle acque del canale<\/span><\/a><\/span><\/p>\n","protected":false},"author":1,"featured_media":0,"parent":0,"menu_order":0,"comment_status":"closed","ping_status":"closed","template":"","meta":{"footnotes":""},"class_list":["post-149","page","type-page","status-publish","hentry"],"_links":{"self":[{"href":"https:\/\/www.casapisanicanal.it\/it\/wp-json\/wp\/v2\/pages\/149","targetHints":{"allow":["GET"]}}],"collection":[{"href":"https:\/\/www.casapisanicanal.it\/it\/wp-json\/wp\/v2\/pages"}],"about":[{"href":"https:\/\/www.casapisanicanal.it\/it\/wp-json\/wp\/v2\/types\/page"}],"author":[{"embeddable":true,"href":"https:\/\/www.casapisanicanal.it\/it\/wp-json\/wp\/v2\/users\/1"}],"replies":[{"embeddable":true,"href":"https:\/\/www.casapisanicanal.it\/it\/wp-json\/wp\/v2\/comments?post=149"}],"version-history":[{"count":65,"href":"https:\/\/www.casapisanicanal.it\/it\/wp-json\/wp\/v2\/pages\/149\/revisions"}],"predecessor-version":[{"id":774,"href":"https:\/\/www.casapisanicanal.it\/it\/wp-json\/wp\/v2\/pages\/149\/revisions\/774"}],"wp:attachment":[{"href":"https:\/\/www.casapisanicanal.it\/it\/wp-json\/wp\/v2\/media?parent=149"}],"curies":[{"name":"wp","href":"https:\/\/api.w.org\/{rel}","templated":true}]}}